{"id":2,"date":"2020-04-14T19:38:08","date_gmt":"2020-04-14T22:38:08","guid":{"rendered":"http:\/\/www.supertech.srv.br\/site\/?page_id=2"},"modified":"2020-04-15T16:50:45","modified_gmt":"2020-04-15T19:50:45","slug":"inicio","status":"publish","type":"page","link":"https:\/\/www.supertech.srv.br\/site\/","title":{"rendered":"supertech"},"content":{"rendered":"<p>[et_pb_section fb_built=&#8221;1&#8243; admin_label=&#8221;section&#8221; _builder_version=&#8221;4.4.3&#8243; custom_padding=&#8221;25px||13px|||&#8221; top_divider_style=&#8221;waves2&#8243; hover_enabled=&#8221;0&#8243; ab_subject=&#8221;on&#8221; ab_subject_id=&#8221;1&#8243; top_divider_color=&#8221;#3465a4&#8243; bottom_divider_style=&#8221;waves2&#8243; bottom_divider_color=&#8221;#3465a4&#8243;][et_pb_row _builder_version=&#8221;4.4.3&#8243; background_color=&#8221;#000000&#8243; module_alignment=&#8221;center&#8221; min_height=&#8221;93px&#8221; height=&#8221;152px&#8221; max_height=&#8221;779px&#8221; custom_margin=&#8221;76px|0px|0px|0px|false|false&#8221; custom_padding=&#8221;0px|0px|0px|0px|false|false&#8221; border_radii=&#8221;on|12px|12px|12px|12px&#8221;][et_pb_column type=&#8221;4_4&#8243; admin_label=&#8221;Coluna&#8221; _builder_version=&#8221;4.4.3&#8243;][et_pb_image src=&#8221;http:\/\/www.supertech.srv.br\/site\/wp-content\/uploads\/2020\/04\/LOGO_SUPERTECH_BRANCO-scaled.jpg&#8221; _builder_version=&#8221;4.4.3&#8243; width=&#8221;14%&#8221; max_width=&#8221;15%&#8221; min_height=&#8221;161px&#8221; height=&#8221;152px&#8221; max_height=&#8221;161px&#8221; custom_margin=&#8221;|0px||0px|true|true&#8221; custom_padding=&#8221;0px|0px|0px|0px|true|true&#8221; hover_enabled=&#8221;0&#8243; border_color_all=&#8221;#ffffff&#8221;][\/et_pb_image][\/et_pb_column][\/et_pb_row][et_pb_row column_structure=&#8221;1_4,1_4,1_4,1_4&#8243; _builder_version=&#8221;4.4.3&#8243; min_height=&#8221;109px&#8221; custom_margin=&#8221;20px|auto||auto||&#8221;][et_pb_column type=&#8221;1_4&#8243; admin_label=&#8221;Coluna&#8221; _builder_version=&#8221;4.4.3&#8243; custom_padding=&#8221;|20px||20px|false|true&#8221;][et_pb_image src=&#8221;http:\/\/www.supertech.srv.br\/site\/wp-content\/uploads\/2020\/04\/teamviewer2.png&#8221; _builder_version=&#8221;4.4.3&#8243; url=&#8221;https:\/\/download.teamviewer.com\/download\/TeamViewerQS.exe&#8221; hover_enabled=&#8221;0&#8243; align=&#8221;center&#8221; width=&#8221;100%&#8221; max_width=&#8221;100%&#8221; min_height=&#8221;100px&#8221;][\/et_pb_image][\/et_pb_column][et_pb_column type=&#8221;1_4&#8243; _builder_version=&#8221;4.4.3&#8243; custom_padding=&#8221;0px|20px|0px|20px|false|true&#8221;][et_pb_image src=&#8221;http:\/\/www.supertech.srv.br\/site\/wp-content\/uploads\/2020\/04\/anydesk1.png&#8221; _builder_version=&#8221;4.4.3&#8243; hover_enabled=&#8221;0&#8243; url=&#8221;https:\/\/download.anydesk.com\/AnyDesk.exe&#8221; align=&#8221;center&#8221; force_fullwidth=&#8221;on&#8221; show_bottom_space=&#8221;off&#8221; min_height=&#8221;116px&#8221; height=&#8221;100px&#8221;][\/et_pb_image][\/et_pb_column][et_pb_column type=&#8221;1_4&#8243; _builder_version=&#8221;4.4.3&#8243;][et_pb_image src=&#8221;http:\/\/www.supertech.srv.br\/site\/wp-content\/uploads\/2020\/04\/iperius_remote_logo_header-1.png&#8221; _builder_version=&#8221;4.4.3&#8243; url=&#8221;https:\/\/www.iperiusremote.com\/dsir.aspx?file=IperiusRemote.exe&#8221; hover_enabled=&#8221;0&#8243; align=&#8221;center&#8221;][\/et_pb_image][\/et_pb_column][et_pb_column type=&#8221;1_4&#8243; _builder_version=&#8221;4.4.3&#8243;][et_pb_image src=&#8221;http:\/\/www.supertech.srv.br\/site\/wp-content\/uploads\/2020\/04\/aeroadmin_logo.png&#8221; _builder_version=&#8221;4.4.3&#8243; url=&#8221;https:\/\/www.iperiusremote.com\/dsir.aspx?file=IperiusRemote.exe&#8221; hover_enabled=&#8221;0&#8243; min_height=&#8221;100px&#8221; max_height=&#8221;100px&#8221; module_alignment=&#8221;center&#8221; align=&#8221;center&#8221; height=&#8221;100px&#8221; max_width=&#8221;78%&#8221; width=&#8221;100%&#8221;][\/et_pb_image][\/et_pb_column][\/et_pb_row][et_pb_row _builder_version=&#8221;4.4.3&#8243; custom_padding=&#8221;||0px|||&#8221; hover_enabled=&#8221;0&#8243;][et_pb_column _builder_version=&#8221;4.4.3&#8243; type=&#8221;4_4&#8243;][\/et_pb_column][\/et_pb_row][\/et_pb_section]<\/p>\n","protected":false},"excerpt":{"rendered":"","protected":false},"author":1,"featured_media":60,"parent":0,"menu_order":0,"comment_status":"closed","ping_status":"open","template":"page-template-blank.php","meta":{"_et_pb_use_builder":"on","_et_pb_old_content":"<!-- wp:paragraph -->\n<p>Esta \u00e9 uma p\u00e1gina de exemplo. \u00c9 diferente de um post no blog porque ela permanecer\u00e1 em um lugar e aparecer\u00e1 na navega\u00e7\u00e3o do seu site na maioria dos temas. Muitas pessoas come\u00e7am com uma p\u00e1gina que as apresenta a poss\u00edveis visitantes do site. Ela pode dizer algo assim:<\/p>\n<!-- \/wp:paragraph -->\n\n<!-- wp:quote -->\n<blockquote class=\"wp-block-quote\"><p>Ol\u00e1! Eu sou um mensageiro de bicicleta durante o dia, ator aspirante \u00e0 noite, e este \u00e9 o meu site. Eu moro em S\u00e3o Paulo, tenho um grande cachorro chamado Rex e gosto de tomar caipirinha (e banhos de chuva).<\/p><\/blockquote>\n<!-- \/wp:quote -->\n\n<!-- wp:paragraph -->\n<p>...ou alguma coisa assim:<\/p>\n<!-- \/wp:paragraph -->\n\n<!-- wp:quote -->\n<blockquote class=\"wp-block-quote\"><p>A Companhia de Miniaturas XYZ foi fundada em 1971, e desde ent\u00e3o tem fornecido miniaturas de qualidade ao p\u00fablico. Localizada na cidade de Itu, a XYZ emprega mais de 2.000 pessoas e faz coisas grandiosas para a comunidade da cidade.<\/p><\/blockquote>\n<!-- \/wp:quote -->\n\n<!-- wp:paragraph -->\n<p>Como um novo usu\u00e1rio do WordPress, voc\u00ea deveria ir ao <a href=\"http:\/\/www.supertech.srv.br\/site\/wp-admin\/\">painel<\/a> para excluir essa p\u00e1gina e criar novas p\u00e1ginas para o seu conte\u00fado. Divirta-se!<\/p>\n<!-- \/wp:paragraph -->","_et_gb_content_width":"","footnotes":""},"class_list":["post-2","page","type-page","status-publish","has-post-thumbnail","hentry"],"_links":{"self":[{"href":"https:\/\/www.supertech.srv.br\/site\/wp-json\/wp\/v2\/pages\/2","targetHints":{"allow":["GET"]}}],"collection":[{"href":"https:\/\/www.supertech.srv.br\/site\/wp-json\/wp\/v2\/pages"}],"about":[{"href":"https:\/\/www.supertech.srv.br\/site\/wp-json\/wp\/v2\/types\/page"}],"author":[{"embeddable":true,"href":"https:\/\/www.supertech.srv.br\/site\/wp-json\/wp\/v2\/users\/1"}],"replies":[{"embeddable":true,"href":"https:\/\/www.supertech.srv.br\/site\/wp-json\/wp\/v2\/comments?post=2"}],"version-history":[{"count":19,"href":"https:\/\/www.supertech.srv.br\/site\/wp-json\/wp\/v2\/pages\/2\/revisions"}],"predecessor-version":[{"id":155,"href":"https:\/\/www.supertech.srv.br\/site\/wp-json\/wp\/v2\/pages\/2\/revisions\/155"}],"wp:featuredmedia":[{"embeddable":true,"href":"https:\/\/www.supertech.srv.br\/site\/wp-json\/wp\/v2\/media\/60"}],"wp:attachment":[{"href":"https:\/\/www.supertech.srv.br\/site\/wp-json\/wp\/v2\/media?parent=2"}],"curies":[{"name":"wp","href":"https:\/\/api.w.org\/{rel}","templated":true}]}}